{"id":34,"date":"2023-11-09T17:45:22","date_gmt":"2023-11-09T14:45:22","guid":{"rendered":"https:\/\/antemamakina.com.tr\/?page_id=34"},"modified":"2023-12-04T18:26:51","modified_gmt":"2023-12-04T15:26:51","slug":"iletisim","status":"publish","type":"page","link":"https:\/\/antemamakina.com.tr\/index.php\/iletisim\/","title":{"rendered":"\u0130leti\u015fim"},"content":{"rendered":"\n<p><br><\/p>\n\n\n\n<div class=\"wp-block-columns is-layout-flex wp-container-core-columns-is-layout-9d6595d7 wp-block-columns-is-layout-flex\">\n<div class=\"wp-block-column is-layout-flow wp-block-column-is-layout-flow\" style=\"flex-basis:33.33%\">\n<ul>\n\n<h6>Bize ula\u015f\u0131n<\/h6>\n<p><i class=\"fa fa-support\"><\/i> \u0130rtibat No: <a href=\"tel:+02423166433\">  +0242 316 64 33<\/a>\n<\/p>\n<br>\n<h6>Adres<\/h6>\n<p><i class=\"fa fa-map-marker\"><\/i> 1487 sokak \u015eirinyal\u0131 Mh. Lale Apt. Kat 1, 07160 Muratpa\u015fa \/ Antalya<\/p><br>\n<h6>E-mail<\/h6>\n<p><i class=\"fa fa-envelope-o\"><\/i> <a href=\"mailto:info@antemamakina.com.tr\">info@antemamakina.com.tr<\/a><\/p>\n\n<h6>Telefonlar<\/h6>\n<p><i class=\"fa fa-phone\"><\/i><b>Cep: &nbsp; <\/b> <a href=\"tel:+905322010995\">  +90 532 201 09 95<\/a><\/p>\n\n<p><i class=\"fa fa-phone\"><\/i><b>Ofis: &nbsp; <\/b><a href=\"tel:+902423166433\">  +90 242 316 64 33<\/a><\/p>\n\n<p><i class=\"fa fa-fax\"><\/i><b>Fax: &nbsp; <\/b><a href=\"fax:+902423167067\"> +90 242 316 70 67<\/a><\/p>\n<\/ul>\n<\/div>\n\n\n\n<div class=\"wp-block-column is-layout-flow wp-block-column-is-layout-flow\" style=\"flex-basis:66.66%\">\n<div class=\"wp-block-contact-form-7-contact-form-selector\">\n<div class=\"wpcf7 no-js\" id=\"wpcf7-f79-o1\" lang=\"tr-TR\" dir=\"ltr\">\n<div class=\"screen-reader-response\"><p role=\"status\" aria-live=\"polite\" aria-atomic=\"true\"><\/p> <ul><\/ul><\/div>\n<form action=\"\/index.php\/wp-json\/wp\/v2\/pages\/34#wpcf7-f79-o1\" method=\"post\" class=\"wpcf7-form init\" aria-label=\"\u0130leti\u015fim Formu\" novalidate=\"novalidate\" data-status=\"init\">\n<div style=\"display: none;\">\n<input type=\"hidden\" name=\"_wpcf7\" value=\"79\" \/>\n<input type=\"hidden\" name=\"_wpcf7_version\" value=\"5.9.8\" \/>\n<input type=\"hidden\" name=\"_wpcf7_locale\" value=\"tr_TR\" \/>\n<input type=\"hidden\" name=\"_wpcf7_unit_tag\" value=\"wpcf7-f79-o1\" \/>\n<input type=\"hidden\" name=\"_wpcf7_container_post\" value=\"0\" \/>\n<input type=\"hidden\" name=\"_wpcf7_posted_data_hash\" value=\"\" \/>\n<\/div>\n<p><label> Ad Soyad<br \/>\n<span class=\"wpcf7-form-control-wrap\" data-name=\"your-name\"><input size=\"40\" maxlength=\"400\" class=\"wpcf7-form-control wpcf7-text wpcf7-validates-as-required\" autocomplete=\"name\" aria-required=\"true\" aria-invalid=\"false\" value=\"\" type=\"text\" name=\"your-name\" \/><\/span> <\/label>\n<\/p>\n<p><label> E-posta<br \/>\n<span class=\"wpcf7-form-control-wrap\" data-name=\"your-email\"><input size=\"40\" maxlength=\"400\" class=\"wpcf7-form-control wpcf7-email wpcf7-validates-as-required wpcf7-text wpcf7-validates-as-email\" autocomplete=\"email\" aria-required=\"true\" aria-invalid=\"false\" value=\"\" type=\"email\" name=\"your-email\" \/><\/span> <\/label>\n<\/p>\n<p><label> Konu<br \/>\n<span class=\"wpcf7-form-control-wrap\" data-name=\"your-subject\"><input size=\"40\" maxlength=\"400\" class=\"wpcf7-form-control wpcf7-text wpcf7-validates-as-required\" aria-required=\"true\" aria-invalid=\"false\" value=\"\" type=\"text\" name=\"your-subject\" \/><\/span> <\/label>\n<\/p>\n<p><label> \u0130letiniz (tercihe ba\u011fl\u0131)<br \/>\n<span class=\"wpcf7-form-control-wrap\" data-name=\"your-message\"><textarea cols=\"40\" rows=\"10\" maxlength=\"2000\" class=\"wpcf7-form-control wpcf7-textarea\" aria-invalid=\"false\" name=\"your-message\"><\/textarea><\/span> <\/label>\n<\/p>\n<p><input class=\"wpcf7-form-control wpcf7-submit has-spinner\" type=\"submit\" value=\"G\u00f6nder\" \/>\n<\/p><div class=\"wpcf7-response-output\" aria-hidden=\"true\"><\/div>\n<\/form>\n<\/div>\n<\/div>\n<\/div>\n<\/div>\n\n\n\n<iframe src=\"https:\/\/www.google.com\/maps\/embed?pb=!1m14!1m8!1m3!1d12768.383197447756!2d30.7345695!3d36.8641257!3m2!1i1024!2i768!4f13.1!3m3!1m2!1s0x14c39ba373824e71%3A0xf8793b57bd44c75b!2zQU5ULUVNQSBNQUvEsE5BIMSwTsWeLlRVUi5OQUsuVMSwQy5MVEQuxZ5UxLAu!5e0!3m2!1str!2str!4v1699541085124!5m2!1str!2str\" width=\"100%\" height=\"450\" style=\"border:0;\" allowfullscreen=\"\" loading=\"lazy\" referrerpolicy=\"no-referrer-when-downgrade\"><\/iframe>\n","protected":false},"excerpt":{"rendered":"<p>Bize ula\u015f\u0131n \u0130rtibat No: +0242 316 64 33 Adres 1487 sokak \u015eirinyal\u0131 Mh. Lale Apt. Kat 1, 07160 Muratpa\u015fa \/ Antalya E-mail info@antemamakina.com.tr Telefonlar Cep: &nbsp; +90 532 201 09 95 Ofis: &nbsp; +90 242 316 64 33 Fax: &nbsp; +90 242 316 70 67<\/p>\n","protected":false},"author":1,"featured_media":0,"parent":0,"menu_order":0,"comment_status":"closed","ping_status":"closed","template":"templates\/template-page-full-width.php","meta":{"footnotes":""},"class_list":["post-34","page","type-page","status-publish","hentry"],"_links":{"self":[{"href":"https:\/\/antemamakina.com.tr\/index.php\/wp-json\/wp\/v2\/pages\/34","targetHints":{"allow":["GET"]}}],"collection":[{"href":"https:\/\/antemamakina.com.tr\/index.php\/wp-json\/wp\/v2\/pages"}],"about":[{"href":"https:\/\/antemamakina.com.tr\/index.php\/wp-json\/wp\/v2\/types\/page"}],"author":[{"embeddable":true,"href":"https:\/\/antemamakina.com.tr\/index.php\/wp-json\/wp\/v2\/users\/1"}],"replies":[{"embeddable":true,"href":"https:\/\/antemamakina.com.tr\/index.php\/wp-json\/wp\/v2\/comments?post=34"}],"version-history":[{"count":10,"href":"https:\/\/antemamakina.com.tr\/index.php\/wp-json\/wp\/v2\/pages\/34\/revisions"}],"predecessor-version":[{"id":86,"href":"https:\/\/antemamakina.com.tr\/index.php\/wp-json\/wp\/v2\/pages\/34\/revisions\/86"}],"wp:attachment":[{"href":"https:\/\/antemamakina.com.tr\/index.php\/wp-json\/wp\/v2\/media?parent=34"}],"curies":[{"name":"wp","href":"https:\/\/api.w.org\/{rel}","templated":true}]}}